{"id":4439,"date":"2020-02-28T23:27:27","date_gmt":"2020-02-28T22:27:27","guid":{"rendered":"http:\/\/wp4.lazy-cat.pl\/?page_id=4439"},"modified":"2020-03-31T10:28:59","modified_gmt":"2020-03-31T08:28:59","slug":"polityka-prywatnosci","status":"publish","type":"page","link":"https:\/\/ercedesign.pl\/en\/polityka-prywatnosci\/","title":{"rendered":"Privacy Policy"},"content":{"rendered":"<div data-elementor-type=\"wp-page\" data-elementor-id=\"4439\" class=\"elementor elementor-4439\">\n\t\t\t\t\t\t<section class=\"elementor-section elementor-top-section elementor-element elementor-element-bbf6298 elementor-section-full_width elementor-section-height-min-height elementor-section-height-default elementor-section-items-middle\" data-id=\"bbf6298\" data-element_type=\"section\" data-settings=\"{&quot;background_background&quot;:&quot;classic&quot;}\">\n\t\t\t\t\t\t\t<div class=\"elementor-background-overlay\"><\/div>\n\t\t\t\t\t\t\t<div class=\"elementor-container elementor-column-gap-default\">\n\t\t\t\t\t<div class=\"elementor-column elementor-col-100 elementor-top-column elementor-element elementor-element-88bb2e9\" data-id=\"88bb2e9\" data-element_type=\"column\">\n\t\t\t<div class=\"elementor-widget-wrap elementor-element-populated\">\n\t\t\t\t\t\t<div class=\"elementor-element elementor-element-82d5cd6 title-text1 elementor-widget elementor-widget-heading\" data-id=\"82d5cd6\" data-element_type=\"widget\" data-widget_type=\"heading.default\">\n\t\t\t\t<div class=\"elementor-widget-container\">\n\t\t\t\t\t<h2 class=\"elementor-heading-title elementor-size-default\">Privacy Policy<\/h2>\t\t\t\t<\/div>\n\t\t\t\t<\/div>\n\t\t\t\t<div class=\"elementor-element elementor-element-99d13a7 elementor-widget elementor-widget-heading\" data-id=\"99d13a7\" data-element_type=\"widget\" data-widget_type=\"heading.default\">\n\t\t\t\t<div class=\"elementor-widget-container\">\n\t\t\t\t\t<h2 class=\"elementor-heading-title elementor-size-default\">Polityka Cookies i ochrona danych osobowych<\/h2>\t\t\t\t<\/div>\n\t\t\t\t<\/div>\n\t\t\t\t\t<\/div>\n\t\t<\/div>\n\t\t\t\t\t<\/div>\n\t\t<\/section>\n\t\t\t\t<section class=\"elementor-section elementor-top-section elementor-element elementor-element-55940af elementor-section-boxed elementor-section-height-default elementor-section-height-default\" data-id=\"55940af\" data-element_type=\"section\">\n\t\t\t\t\t\t<div class=\"elementor-container elementor-column-gap-default\">\n\t\t\t\t\t<div class=\"elementor-column elementor-col-100 elementor-top-column elementor-element elementor-element-574715d\" data-id=\"574715d\" data-element_type=\"column\">\n\t\t\t<div class=\"elementor-widget-wrap elementor-element-populated\">\n\t\t\t\t\t\t<div class=\"elementor-element elementor-element-05b4a00 elementor-widget elementor-widget-text-editor\" data-id=\"05b4a00\" data-element_type=\"widget\" data-widget_type=\"text-editor.default\">\n\t\t\t\t<div class=\"elementor-widget-container\">\n\t\t\t\t\t\t\t\t\t<p>W zwi\u0105zku z obowi\u0105zuj\u0105cymi od 25 maja 2018 roku\u00a0nowymi przepisami o ochronie danych osobowych zawartymi w Rozporz\u0105dzeniu o Ochronie Danych Osobowych (RODO), poni\u017cej znajd\u0105 Pa\u0144stwo informacje na temat przetwarzania danych osobowych przez nasz\u0105 firm\u0119.<\/p><p>Administratorem pozyskanych od Pa\u0144stwa danych osobowych jest firma ERCE Robert \u0106wiek.<\/p><p>B\u0119dziemy przetwarza\u0107 pozyskane od Pa\u0144stwa dane osobowe na podstawie Art. 6 ust. 1 RODO z dnia 27 kwietnia 2016 r. w zwi\u0105zku z intencj\u0105 zawarcia umowy, b\u0105d\u017a w celu wykonywania zam\u00f3wienia\/zawartej umowy. Pozyskane dane osobowe b\u0119dziemy przetwarza\u0107 w spos\u00f3b zgodny z obowi\u0105zuj\u0105cymi przepisami dotycz\u0105cymi ochrony danych osobowych. Podstaw\u0105 prawn\u0105 ich przetwarzania mo\u017ce lub mog\u0105 by\u0107:<\/p><ul><li>Dobrowolnie * wyra\u017cona przez Pa\u0144stwo zgoda na przetwarzanie danych w zwi\u0105zku z korzystaniem z formularza kontaktowego do zg\u0142oszenia zapytania ( Art. 6 ust. 1 lit. a) RODO),<\/li><li>wymogi kontraktowe, czyli konieczno\u015b\u0107 dysponowania danymi w celu zawarcia umowy lub realizacji zam\u00f3wienia oraz na potrzeby wykonywania zawartej umowy\/zam\u00f3wienia lub podj\u0119cia na Pa\u0144stwa wniosek dzia\u0142a\u0144 przed jej zawarciem (Art. 6 ust. 1 lit. b) RODO,<\/li><li>wymogi ustawowe, czyli wype\u0142nienie ci\u0105\u017c\u0105cych na administratorze ERCE Robert \u0106wiek\u00a0obowi\u0105zk\u00f3w prawnych ( Art. 6 ust. 1 lit. c) RODO),<\/li><li>przetwarzanie danych dla cel\u00f3w wynikaj\u0105cych z prawnie uzasadnionych interes\u00f3w realizowanych przez administratora ( 6 ust. 1 lit. f) RODO).<\/li><\/ul><p>B\u0119dziemy przetwarza\u0107 pozyskane od Pa\u0144stwa dane osobowe w nast\u0119puj\u0105cych celach:<\/p><ul><li>w celu przygotowania oferty handlowej oraz aktywacji us\u0142ug w nast\u0119pstwie zg\u0142oszonego przez Pa\u0144stwo zapytania,<\/li><li>w celu realizacji zawartej z\u00a0ERCE Robert \u0106wiek\u00a0umowy b\u0105d\u017a z\u0142o\u017conego zam\u00f3wienia na \u015bwiadczone przez nas us\u0142ugi,<\/li><li>w celu marketingu produkt\u00f3w i us\u0142ug\u00a0naszej firmy za pomoc\u0105 narz\u0119dzi internetowych oraz drog\u0105 elektroniczn\u0105 i telefoniczn\u0105.<\/li><\/ul><p>Przekazanie przez Pa\u0144stwo danych osobowych oraz zawarcie um\u00f3w z\u00a0ERCE Robert \u0106wiek jest r\u00f3wnoznaczne z pozwoleniem na przetwarzanie i wykorzystywanie przez nasz\u0105 firm\u0119 tych danych w celach i zakresie okre\u015blonych powy\u017cej i jest niezb\u0119dne do \u015bwiadczenia przez nas us\u0142ug.<\/p><p>Odbiorcami Pa\u0144stwa danych osobowych b\u0119d\u0105 wy\u0142\u0105cznie podmioty uprawnione do uzyskania danych osobowych na podstawie przepis\u00f3w prawa oraz podmioty uczestnicz\u0105ce w realizacji us\u0142ug.<\/p><p>Zgodnie z przepisami RODO zapewniamy Pa\u0144stwu prawo dost\u0119pu, sprostowania oraz usuni\u0119cia Pa\u0144stwa danych, ograniczenia ich przetwarzania, prawo do ich przenoszenia, niepodlegania zautomatyzowanemu podejmowaniu decyzji, w tym profilowaniu, a tak\u017ce prawo do wyra\u017cenia sprzeciwu wobec przetwarzania danych osobowych. Przys\u0142ugiwa\u0107 Pa\u0144stwu b\u0119dzie tak\u017ce prawo do z\u0142o\u017cenia skargi do w\u0142a\u015bciwego organu nadzorczego, wskazanego w aktualnie obowi\u0105zuj\u0105cej ustawie reguluj\u0105cej zasady ochrony danych osobowych<em>, tj. Prezesa Urz\u0119du Ochrony danych Osobowych.<\/em><\/p><p>Z uprawnie\u0144 tych mog\u0105 Pa\u0144stwo skorzysta\u0107 m.in. w przypadkach, gdy:<\/p><ul><li>Pa\u0144stwa dane s\u0105 nieprawid\u0142owe lub niekompletne,<\/li><li>Pa\u0144stwa dane nie b\u0119d\u0105 ju\u017c niezb\u0119dne do cel\u00f3w, dla kt\u00f3rych zosta\u0142y zebrane,<\/li><li>Wycofaj\u0105 Pa\u0144stwo swoj\u0105 zgod\u0119 na przetwarzanie danych lub zg\u0142osz\u0105 sprzeciw wobec przetwarzania Pa\u0144stwa danych,<\/li><li>Dane b\u0119d\u0105 przetwarzane niezgodnie z prawem.<\/li><\/ul><p>Przechowujemy Pa\u0144stwa dane osobowe przez czas obowi\u0105zywania zawartej z Pa\u0144stwem umowy\/zam\u00f3wienia, a tak\u017ce po jej zako\u0144czeniu w celach:<\/p><ul><li>dochodzenia roszcze\u0144 w zwi\u0105zku z wykonywaniem umowy\/zam\u00f3wienia,<\/li><li>wykonania obowi\u0105zk\u00f3w wynikaj\u0105cych z przepis\u00f3w prawa, w tym w szczeg\u00f3lno\u015bci podatkowych i rachunkowych,<\/li><li>zapobiegania nadu\u017cyciom i oszustwom,<\/li><li>statystycznych i archiwizacyjnych,<\/li><li>maksymalnie przez okres 10 lat od dnia zako\u0144czenia wykonania umowy.<\/li><\/ul><p>Aby uzyska\u0107 wi\u0119cej informacji o przetwarzaniu Pa\u0144stwa danych osobowych prosimy o kontakt na adres e-mail:\u00a0wycofanie\u00a0<a href=\"mailto:erce.robert@gmail.com.\">erce.robert@gmail.com.<\/a>\u00a0<\/p><p>*Komentarz dotycz\u0105cy wyra\u017cania zgody:<\/p><p>Zgoda musi by\u0107 wyra\u017cona w spos\u00f3b dobrowolny, \u015bwiadomy, jednoznaczny, \u0142atwy do udokumentowania, ale tak\u017ce musi by\u0107 umo\u017cliwione usuni\u0119cie zgody w jak najprostszy spos\u00f3b.<\/p><p>To jest podpowied\u017a, aby zrobi\u0107 np. checkbox\u2019y do odznaczania zg\u00f3d.<\/p><p>ART.7 RODO<\/p><p>Mo\u017ce to polega\u0107 na\u00a0<u>zaznaczeniu okienka wyboru<\/u>\u00a0podczas przegl\u0105dania strony internetowej, na\u00a0<u>wyborze ustawie\u0144 technicznych<\/u>\u00a0do korzystania z us\u0142ug spo\u0142ecze\u0144stwa informacyjnego lub te\u017c na innym o\u015bwiadczeniu b\u0105d\u017a zachowaniu, kt\u00f3re w danym kontek\u015bcie jasno wskazuje, \u017ce osoba, kt\u00f3rej dane dotycz\u0105, zaakceptowa\u0142a proponowane przetwarzanie jej danych osobowych.\u00a0<strong>Milczenie, okienka domy\u015blnie zaznaczone lub niepodj\u0119cie dzia\u0142ania nie powinny zatem oznacza\u0107 zgody<\/strong>. Zgoda powinna dotyczy\u0107 wszystkich czynno\u015bci przetwarzania dokonywanych w tym samym celu lub w tych samych celach. Je\u017celi przetwarzanie s\u0142u\u017cy r\u00f3\u017cnym celom, potrzebna jest zgoda na wszystkie te cele.<\/p>\t\t\t\t\t\t\t\t<\/div>\n\t\t\t\t<\/div>\n\t\t\t\t\t<\/div>\n\t\t<\/div>\n\t\t\t\t\t<\/div>\n\t\t<\/section>\n\t\t\t\t<section class=\"elementor-section elementor-top-section elementor-element elementor-element-4637af8 elementor-section-full_width elementor-hidden-desktop elementor-section-height-default elementor-section-height-default\" data-id=\"4637af8\" data-element_type=\"section\" id=\"bottom-bar\" data-settings=\"{&quot;background_background&quot;:&quot;classic&quot;}\">\n\t\t\t\t\t\t<div class=\"elementor-container elementor-column-gap-default\">\n\t\t\t\t\t<div class=\"elementor-column elementor-col-100 elementor-top-column elementor-element elementor-element-80af1fb\" data-id=\"80af1fb\" data-element_type=\"column\">\n\t\t\t<div class=\"elementor-widget-wrap elementor-element-populated\">\n\t\t\t\t\t\t<div class=\"elementor-element elementor-element-556f2d2 elementor-widget elementor-widget-heading\" data-id=\"556f2d2\" data-element_type=\"widget\" data-widget_type=\"heading.default\">\n\t\t\t\t<div class=\"elementor-widget-container\">\n\t\t\t\t\t<div class=\"elementor-heading-title elementor-size-default\">Project co-funded by the European Union<\/div>\t\t\t\t<\/div>\n\t\t\t\t<\/div>\n\t\t\t\t<section class=\"elementor-section elementor-inner-section elementor-element elementor-element-3ba393d elementor-section-content-bottom elementor-section-boxed elementor-section-height-default elementor-section-height-default\" data-id=\"3ba393d\" data-element_type=\"section\">\n\t\t\t\t\t\t<div class=\"elementor-container elementor-column-gap-default\">\n\t\t\t\t\t<div class=\"elementor-column elementor-col-100 elementor-inner-column elementor-element elementor-element-0c80eac\" data-id=\"0c80eac\" data-element_type=\"column\">\n\t\t\t<div class=\"elementor-widget-wrap elementor-element-populated\">\n\t\t\t\t\t\t<div class=\"elementor-element elementor-element-f624358 elementor-widget elementor-widget-image\" data-id=\"f624358\" data-element_type=\"widget\" data-widget_type=\"image.default\">\n\t\t\t\t<div class=\"elementor-widget-container\">\n\t\t\t\t\t\t\t\t\t\t\t\t\t\t\t<img decoding=\"async\" src=\"https:\/\/ercedesign.pl\/wp-content\/uploads\/elementor\/thumbs\/FE_POIR_poziom_pl-1_rgb-r1juu7s6vm5mgxn3cm19av7z8v0vf8zrr8w2b85c00.png\" title=\"FE_POIR_poziom_pl-1_rgb\" alt=\"FE_POIR_poziom_pl-1_rgb\" loading=\"lazy\" \/>\t\t\t\t\t\t\t\t\t\t\t\t\t\t\t<\/div>\n\t\t\t\t<\/div>\n\t\t\t\t\t<\/div>\n\t\t<\/div>\n\t\t\t\t\t<\/div>\n\t\t<\/section>\n\t\t\t\t\t<\/div>\n\t\t<\/div>\n\t\t\t\t\t<\/div>\n\t\t<\/section>\n\t\t\t\t<section class=\"elementor-section elementor-top-section elementor-element elementor-element-3d9342f elementor-section-full_width elementor-hidden-tablet elementor-hidden-phone elementor-section-height-default elementor-section-height-default\" data-id=\"3d9342f\" data-element_type=\"section\" id=\"bottom-bar\" data-settings=\"{&quot;background_background&quot;:&quot;classic&quot;}\">\n\t\t\t\t\t\t<div class=\"elementor-container elementor-column-gap-default\">\n\t\t\t\t\t<div class=\"elementor-column elementor-col-100 elementor-top-column elementor-element elementor-element-6c1a29c\" data-id=\"6c1a29c\" data-element_type=\"column\">\n\t\t\t<div class=\"elementor-widget-wrap elementor-element-populated\">\n\t\t\t\t\t\t<div class=\"elementor-element elementor-element-9fdfc59 elementor-widget elementor-widget-heading\" data-id=\"9fdfc59\" data-element_type=\"widget\" data-widget_type=\"heading.default\">\n\t\t\t\t<div class=\"elementor-widget-container\">\n\t\t\t\t\t<div class=\"elementor-heading-title elementor-size-default\">Project co-funded by the European Union<\/div>\t\t\t\t<\/div>\n\t\t\t\t<\/div>\n\t\t\t\t<section class=\"elementor-section elementor-inner-section elementor-element elementor-element-bf51fa9 elementor-section-content-bottom elementor-section-boxed elementor-section-height-default elementor-section-height-default\" data-id=\"bf51fa9\" data-element_type=\"section\">\n\t\t\t\t\t\t<div class=\"elementor-container elementor-column-gap-default\">\n\t\t\t\t\t<div class=\"elementor-column elementor-col-33 elementor-inner-column elementor-element elementor-element-2d11a21\" data-id=\"2d11a21\" data-element_type=\"column\">\n\t\t\t<div class=\"elementor-widget-wrap elementor-element-populated\">\n\t\t\t\t\t\t<div class=\"elementor-element elementor-element-76dbedc elementor-widget elementor-widget-image\" data-id=\"76dbedc\" data-element_type=\"widget\" data-widget_type=\"image.default\">\n\t\t\t\t<div class=\"elementor-widget-container\">\n\t\t\t\t\t\t\t\t\t\t\t\t\t\t\t<img decoding=\"async\" src=\"https:\/\/ercedesign.pl\/wp-content\/uploads\/elementor\/thumbs\/logo_FE_Inteligentny_Rozwoj_rgb-1-r1juu4yob41ri3r6t2tdldxlgpers5okquxlve9iio.jpg\" title=\"logo_FE_Inteligentny_Rozwoj_rgb\" alt=\"www.dreamsart.pl\" loading=\"lazy\" \/>\t\t\t\t\t\t\t\t\t\t\t\t\t\t\t<\/div>\n\t\t\t\t<\/div>\n\t\t\t\t\t<\/div>\n\t\t<\/div>\n\t\t\t\t<div class=\"elementor-column elementor-col-33 elementor-inner-column elementor-element elementor-element-48f5e42\" data-id=\"48f5e42\" data-element_type=\"column\">\n\t\t\t<div class=\"elementor-widget-wrap elementor-element-populated\">\n\t\t\t\t\t\t<div class=\"elementor-element elementor-element-70e7ea9 elementor-widget elementor-widget-image\" data-id=\"70e7ea9\" data-element_type=\"widget\" data-widget_type=\"image.default\">\n\t\t\t\t<div class=\"elementor-widget-container\">\n\t\t\t\t\t\t\t\t\t\t\t\t\t\t\t<img decoding=\"async\" src=\"https:\/\/ercedesign.pl\/wp-content\/uploads\/elementor\/thumbs\/znak_barw_rp_poziom_szara_ramka_rgb-r1juu4yob41ri3r6t2tdldxlgpers5okquxlve9iio.png\" title=\"znak_barw_rp_poziom_szara_ramka_rgb\" alt=\"znak_barw_rp_poziom_szara_ramka_rgb\" loading=\"lazy\" \/>\t\t\t\t\t\t\t\t\t\t\t\t\t\t\t<\/div>\n\t\t\t\t<\/div>\n\t\t\t\t\t<\/div>\n\t\t<\/div>\n\t\t\t\t<div class=\"elementor-column elementor-col-33 elementor-inner-column elementor-element elementor-element-20a0be3\" data-id=\"20a0be3\" data-element_type=\"column\">\n\t\t\t<div class=\"elementor-widget-wrap elementor-element-populated\">\n\t\t\t\t\t\t<div class=\"elementor-element elementor-element-68d2da7 elementor-widget elementor-widget-image\" data-id=\"68d2da7\" data-element_type=\"widget\" data-widget_type=\"image.default\">\n\t\t\t\t<div class=\"elementor-widget-container\">\n\t\t\t\t\t\t\t\t\t\t\t\t\t\t\t<img decoding=\"async\" src=\"https:\/\/ercedesign.pl\/wp-content\/uploads\/elementor\/thumbs\/UE_EFRR_rgb-1-r1juu4yob41ri3r6t2tdldxlgpers5okquxlve9iio.jpg\" title=\"UE_EFRR_rgb\" alt=\"UE_EFRR_rgb\" loading=\"lazy\" \/>\t\t\t\t\t\t\t\t\t\t\t\t\t\t\t<\/div>\n\t\t\t\t<\/div>\n\t\t\t\t\t<\/div>\n\t\t<\/div>\n\t\t\t\t\t<\/div>\n\t\t<\/section>\n\t\t\t\t\t<\/div>\n\t\t<\/div>\n\t\t\t\t\t<\/div>\n\t\t<\/section>\n\t\t\t\t<\/div>","protected":false},"excerpt":{"rendered":"<p>Polityka prywatno\u015bci Polityka Cookies i ochrona danych osobowych W zwi\u0105zku z obowi\u0105zuj\u0105cymi od 25 maja 2018 roku\u00a0nowymi przepisami o ochronie danych osobowych zawartymi w Rozporz\u0105dzeniu o Ochronie Danych Osobowych (RODO), poni\u017cej znajd\u0105 Pa\u0144stwo informacje na temat przetwarzania danych osobowych przez nasz\u0105 firm\u0119. Administratorem pozyskanych od Pa\u0144stwa danych osobowych jest firma [&hellip;]<\/p>","protected":false},"author":1,"featured_media":0,"parent":0,"menu_order":0,"comment_status":"closed","ping_status":"closed","template":"page-templates\/template-pagebuilder-full-width.php","meta":{"footnotes":""},"class_list":["post-4439","page","type-page","status-publish","hentry"],"_links":{"self":[{"href":"https:\/\/ercedesign.pl\/en\/wp-json\/wp\/v2\/pages\/4439","targetHints":{"allow":["GET"]}}],"collection":[{"href":"https:\/\/ercedesign.pl\/en\/wp-json\/wp\/v2\/pages"}],"about":[{"href":"https:\/\/ercedesign.pl\/en\/wp-json\/wp\/v2\/types\/page"}],"author":[{"embeddable":true,"href":"https:\/\/ercedesign.pl\/en\/wp-json\/wp\/v2\/users\/1"}],"replies":[{"embeddable":true,"href":"https:\/\/ercedesign.pl\/en\/wp-json\/wp\/v2\/comments?post=4439"}],"version-history":[{"count":11,"href":"https:\/\/ercedesign.pl\/en\/wp-json\/wp\/v2\/pages\/4439\/revisions"}],"predecessor-version":[{"id":4598,"href":"https:\/\/ercedesign.pl\/en\/wp-json\/wp\/v2\/pages\/4439\/revisions\/4598"}],"wp:attachment":[{"href":"https:\/\/ercedesign.pl\/en\/wp-json\/wp\/v2\/media?parent=4439"}],"curies":[{"name":"wp","href":"https:\/\/api.w.org\/{rel}","templated":true}]}}