{"id":4444,"date":"2020-02-28T23:47:53","date_gmt":"2020-02-28T22:47:53","guid":{"rendered":"http:\/\/wp4.lazy-cat.pl\/?page_id=4444"},"modified":"2022-01-10T11:37:09","modified_gmt":"2022-01-10T10:37:09","slug":"projekt-eu","status":"publish","type":"page","link":"https:\/\/ercedesign.pl\/en\/projekt-eu\/","title":{"rendered":"EU Funding"},"content":{"rendered":"<div data-elementor-type=\"wp-page\" data-elementor-id=\"4444\" class=\"elementor elementor-4444\">\n\t\t\t\t\t\t<section class=\"elementor-section elementor-top-section elementor-element elementor-element-daec83b elementor-section-full_width elementor-section-height-min-height elementor-section-height-default elementor-section-items-middle\" data-id=\"daec83b\" data-element_type=\"section\" data-settings=\"{&quot;background_background&quot;:&quot;video&quot;,&quot;background_video_link&quot;:&quot;https:\\\/\\\/ercedesign.pl\\\/ERCE_F12.mp4&quot;,&quot;background_play_on_mobile&quot;:&quot;yes&quot;}\">\n\t\t\t\t\t\t\t\t<div class=\"elementor-background-video-container\">\n\t\t\t\t\t\t\t\t\t\t\t\t\t<video class=\"elementor-background-video-hosted\" autoplay muted playsinline loop><\/video>\n\t\t\t\t\t\t\t\t\t\t\t<\/div>\n\t\t\t\t\t\t\t\t\t<div class=\"elementor-background-overlay\"><\/div>\n\t\t\t\t\t\t\t<div class=\"elementor-container elementor-column-gap-default\">\n\t\t\t\t\t<div class=\"elementor-column elementor-col-100 elementor-top-column elementor-element elementor-element-4592dc5\" data-id=\"4592dc5\" data-element_type=\"column\">\n\t\t\t<div class=\"elementor-widget-wrap elementor-element-populated\">\n\t\t\t\t\t\t<div class=\"elementor-element elementor-element-b4b41a5 title-text1 elementor-widget elementor-widget-heading\" data-id=\"b4b41a5\" data-element_type=\"widget\" data-widget_type=\"heading.default\">\n\t\t\t\t<div class=\"elementor-widget-container\">\n\t\t\t\t\t<h2 class=\"elementor-heading-title elementor-size-default\">EU Funding<\/h2>\t\t\t\t<\/div>\n\t\t\t\t<\/div>\n\t\t\t\t<div class=\"elementor-element elementor-element-62b1812 elementor-widget elementor-widget-heading\" data-id=\"62b1812\" data-element_type=\"widget\" data-widget_type=\"heading.default\">\n\t\t\t\t<div class=\"elementor-widget-container\">\n\t\t\t\t\t<h2 class=\"elementor-heading-title elementor-size-default\">Cooperation with European Union<\/h2>\t\t\t\t<\/div>\n\t\t\t\t<\/div>\n\t\t\t\t\t<\/div>\n\t\t<\/div>\n\t\t\t\t\t<\/div>\n\t\t<\/section>\n\t\t\t\t<section class=\"elementor-section elementor-top-section elementor-element elementor-element-6544b3d elementor-section-full_width elementor-hidden-tablet elementor-hidden-phone elementor-section-height-default elementor-section-height-default\" data-id=\"6544b3d\" data-element_type=\"section\" id=\"bottom-bar\" data-settings=\"{&quot;background_background&quot;:&quot;classic&quot;}\">\n\t\t\t\t\t\t<div class=\"elementor-container elementor-column-gap-default\">\n\t\t\t\t\t<div class=\"elementor-column elementor-col-100 elementor-top-column elementor-element elementor-element-b76ac6b\" data-id=\"b76ac6b\" data-element_type=\"column\">\n\t\t\t<div class=\"elementor-widget-wrap elementor-element-populated\">\n\t\t\t\t\t\t<div class=\"elementor-element elementor-element-ef33b07 elementor-widget elementor-widget-heading\" data-id=\"ef33b07\" data-element_type=\"widget\" data-widget_type=\"heading.default\">\n\t\t\t\t<div class=\"elementor-widget-container\">\n\t\t\t\t\t<div class=\"elementor-heading-title elementor-size-default\">Project co-funded by the European Union<\/div>\t\t\t\t<\/div>\n\t\t\t\t<\/div>\n\t\t\t\t<section class=\"elementor-section elementor-inner-section elementor-element elementor-element-c8972b2 elementor-section-content-bottom elementor-section-boxed elementor-section-height-default elementor-section-height-default\" data-id=\"c8972b2\" data-element_type=\"section\">\n\t\t\t\t\t\t<div class=\"elementor-container elementor-column-gap-default\">\n\t\t\t\t\t<div class=\"elementor-column elementor-col-33 elementor-inner-column elementor-element elementor-element-5c0c5ef\" data-id=\"5c0c5ef\" data-element_type=\"column\">\n\t\t\t<div class=\"elementor-widget-wrap elementor-element-populated\">\n\t\t\t\t\t\t<div class=\"elementor-element elementor-element-ec8130f elementor-widget elementor-widget-image\" data-id=\"ec8130f\" data-element_type=\"widget\" data-widget_type=\"image.default\">\n\t\t\t\t<div class=\"elementor-widget-container\">\n\t\t\t\t\t\t\t\t\t\t\t\t\t\t\t<img decoding=\"async\" src=\"https:\/\/ercedesign.pl\/wp-content\/uploads\/elementor\/thumbs\/logo_FE_Inteligentny_Rozwoj_rgb-1-r1juu4yob41ri3r6t2tdldxlgpers5okquxlve9iio.jpg\" title=\"logo_FE_Inteligentny_Rozwoj_rgb\" alt=\"www.dreamsart.pl\" loading=\"lazy\" \/>\t\t\t\t\t\t\t\t\t\t\t\t\t\t\t<\/div>\n\t\t\t\t<\/div>\n\t\t\t\t\t<\/div>\n\t\t<\/div>\n\t\t\t\t<div class=\"elementor-column elementor-col-33 elementor-inner-column elementor-element elementor-element-414057e\" data-id=\"414057e\" data-element_type=\"column\">\n\t\t\t<div class=\"elementor-widget-wrap elementor-element-populated\">\n\t\t\t\t\t\t<div class=\"elementor-element elementor-element-3c1c6d2 elementor-widget elementor-widget-image\" data-id=\"3c1c6d2\" data-element_type=\"widget\" data-widget_type=\"image.default\">\n\t\t\t\t<div class=\"elementor-widget-container\">\n\t\t\t\t\t\t\t\t\t\t\t\t\t\t\t<img decoding=\"async\" src=\"https:\/\/ercedesign.pl\/wp-content\/uploads\/elementor\/thumbs\/znak_barw_rp_poziom_szara_ramka_rgb-r1juu4yob41ri3r6t2tdldxlgpers5okquxlve9iio.png\" title=\"znak_barw_rp_poziom_szara_ramka_rgb\" alt=\"znak_barw_rp_poziom_szara_ramka_rgb\" loading=\"lazy\" \/>\t\t\t\t\t\t\t\t\t\t\t\t\t\t\t<\/div>\n\t\t\t\t<\/div>\n\t\t\t\t\t<\/div>\n\t\t<\/div>\n\t\t\t\t<div class=\"elementor-column elementor-col-33 elementor-inner-column elementor-element elementor-element-17936cd\" data-id=\"17936cd\" data-element_type=\"column\">\n\t\t\t<div class=\"elementor-widget-wrap elementor-element-populated\">\n\t\t\t\t\t\t<div class=\"elementor-element elementor-element-4f9500c elementor-widget elementor-widget-image\" data-id=\"4f9500c\" data-element_type=\"widget\" data-widget_type=\"image.default\">\n\t\t\t\t<div class=\"elementor-widget-container\">\n\t\t\t\t\t\t\t\t\t\t\t\t\t\t\t<img decoding=\"async\" src=\"https:\/\/ercedesign.pl\/wp-content\/uploads\/elementor\/thumbs\/UE_EFRR_rgb-1-r1juu4yob41ri3r6t2tdldxlgpers5okquxlve9iio.jpg\" title=\"UE_EFRR_rgb\" alt=\"UE_EFRR_rgb\" loading=\"lazy\" \/>\t\t\t\t\t\t\t\t\t\t\t\t\t\t\t<\/div>\n\t\t\t\t<\/div>\n\t\t\t\t\t<\/div>\n\t\t<\/div>\n\t\t\t\t\t<\/div>\n\t\t<\/section>\n\t\t\t\t\t<\/div>\n\t\t<\/div>\n\t\t\t\t\t<\/div>\n\t\t<\/section>\n\t\t\t\t<section class=\"elementor-section elementor-top-section elementor-element elementor-element-7185d5c elementor-section-full_width elementor-hidden-desktop elementor-section-height-default elementor-section-height-default\" data-id=\"7185d5c\" data-element_type=\"section\" id=\"bottom-bar\" data-settings=\"{&quot;background_background&quot;:&quot;classic&quot;}\">\n\t\t\t\t\t\t<div class=\"elementor-container elementor-column-gap-default\">\n\t\t\t\t\t<div class=\"elementor-column elementor-col-100 elementor-top-column elementor-element elementor-element-ae8b4a0\" data-id=\"ae8b4a0\" data-element_type=\"column\">\n\t\t\t<div class=\"elementor-widget-wrap elementor-element-populated\">\n\t\t\t\t\t\t<div class=\"elementor-element elementor-element-65e4977 elementor-widget elementor-widget-heading\" data-id=\"65e4977\" data-element_type=\"widget\" data-widget_type=\"heading.default\">\n\t\t\t\t<div class=\"elementor-widget-container\">\n\t\t\t\t\t<div class=\"elementor-heading-title elementor-size-default\">Project co-funded by the European Union<\/div>\t\t\t\t<\/div>\n\t\t\t\t<\/div>\n\t\t\t\t<section class=\"elementor-section elementor-inner-section elementor-element elementor-element-f8d7ec6 elementor-section-content-bottom elementor-section-boxed elementor-section-height-default elementor-section-height-default\" data-id=\"f8d7ec6\" data-element_type=\"section\">\n\t\t\t\t\t\t<div class=\"elementor-container elementor-column-gap-default\">\n\t\t\t\t\t<div class=\"elementor-column elementor-col-100 elementor-inner-column elementor-element elementor-element-f799d6d\" data-id=\"f799d6d\" data-element_type=\"column\">\n\t\t\t<div class=\"elementor-widget-wrap elementor-element-populated\">\n\t\t\t\t\t\t<div class=\"elementor-element elementor-element-0742fa1 elementor-widget elementor-widget-image\" data-id=\"0742fa1\" data-element_type=\"widget\" data-widget_type=\"image.default\">\n\t\t\t\t<div class=\"elementor-widget-container\">\n\t\t\t\t\t\t\t\t\t\t\t\t\t\t\t<img decoding=\"async\" src=\"https:\/\/ercedesign.pl\/wp-content\/uploads\/elementor\/thumbs\/FE_POIR_poziom_pl-1_rgb-r1juu7s6vm5mgxn3cm19av7z8v0vf8zrr8w2b85c00.png\" title=\"FE_POIR_poziom_pl-1_rgb\" alt=\"FE_POIR_poziom_pl-1_rgb\" loading=\"lazy\" \/>\t\t\t\t\t\t\t\t\t\t\t\t\t\t\t<\/div>\n\t\t\t\t<\/div>\n\t\t\t\t\t<\/div>\n\t\t<\/div>\n\t\t\t\t\t<\/div>\n\t\t<\/section>\n\t\t\t\t\t<\/div>\n\t\t<\/div>\n\t\t\t\t\t<\/div>\n\t\t<\/section>\n\t\t\t\t<section class=\"elementor-section elementor-top-section elementor-element elementor-element-aa51d54 elementor-section-boxed elementor-section-height-default elementor-section-height-default elementor-invisible\" data-id=\"aa51d54\" data-element_type=\"section\" data-settings=\"{&quot;background_background&quot;:&quot;classic&quot;,&quot;animation&quot;:&quot;fadeInUp&quot;}\">\n\t\t\t\t\t\t\t<div class=\"elementor-background-overlay\"><\/div>\n\t\t\t\t\t\t\t<div class=\"elementor-container elementor-column-gap-default\">\n\t\t\t\t\t<div class=\"elementor-column elementor-col-100 elementor-top-column elementor-element elementor-element-b29f522\" data-id=\"b29f522\" data-element_type=\"column\" data-settings=\"{&quot;background_background&quot;:&quot;classic&quot;}\">\n\t\t\t<div class=\"elementor-widget-wrap elementor-element-populated\">\n\t\t\t\t\t\t<div class=\"elementor-element elementor-element-ee4257e elementor-widget elementor-widget-heading\" data-id=\"ee4257e\" data-element_type=\"widget\" data-widget_type=\"heading.default\">\n\t\t\t\t<div class=\"elementor-widget-container\">\n\t\t\t\t\t<h6 class=\"elementor-heading-title elementor-size-default\">ERCE + EU<\/h6>\t\t\t\t<\/div>\n\t\t\t\t<\/div>\n\t\t\t\t<div class=\"elementor-element elementor-element-7468c85 elementor-widget-divider--view-line elementor-widget elementor-widget-divider\" data-id=\"7468c85\" data-element_type=\"widget\" data-widget_type=\"divider.default\">\n\t\t\t\t<div class=\"elementor-widget-container\">\n\t\t\t\t\t\t\t<div class=\"elementor-divider\">\n\t\t\t<span class=\"elementor-divider-separator\">\n\t\t\t\t\t\t<\/span>\n\t\t<\/div>\n\t\t\t\t\t\t<\/div>\n\t\t\t\t<\/div>\n\t\t\t\t<div class=\"elementor-element elementor-element-4013d9b title-text1 elementor-widget elementor-widget-heading\" data-id=\"4013d9b\" data-element_type=\"widget\" data-widget_type=\"heading.default\">\n\t\t\t\t<div class=\"elementor-widget-container\">\n\t\t\t\t\t<h2 class=\"elementor-heading-title elementor-size-default\">Projekt ELEWACJI KINETYCZNYCH<\/h2>\t\t\t\t<\/div>\n\t\t\t\t<\/div>\n\t\t\t\t<section class=\"elementor-section elementor-inner-section elementor-element elementor-element-3bfc6a1 elementor-section-boxed elementor-section-height-default elementor-section-height-default\" data-id=\"3bfc6a1\" data-element_type=\"section\">\n\t\t\t\t\t\t<div class=\"elementor-container elementor-column-gap-default\">\n\t\t\t\t\t<div class=\"elementor-column elementor-col-50 elementor-inner-column elementor-element elementor-element-d0537d5\" data-id=\"d0537d5\" data-element_type=\"column\">\n\t\t\t<div class=\"elementor-widget-wrap elementor-element-populated\">\n\t\t\t\t\t\t<div class=\"elementor-element elementor-element-7831f52 elementor-widget elementor-widget-text-editor\" data-id=\"7831f52\" data-element_type=\"widget\" data-widget_type=\"text-editor.default\">\n\t\t\t\t<div class=\"elementor-widget-container\">\n\t\t\t\t\t\t\t\t\t<p>ERCE Robert \u0106wiek implemented the results of a project funded within Program Operacyjny Inteligentny Rozw\u00f3j named \u201ePodj\u0119cie wsp\u00f3\u0142pracy z projektantami celem wdro\u017cenia do oferty ERCE Robert \u0106wiek nowego projektu wzorniczego w postaci kinetycznych elewacji budynk\u00f3w\u201d (Engaging into cooperation with designers in order to introduce a design of kinetic fa\u00e7ades to ERCE Robert \u0106wiek\u2019s portfolio).<\/p>\n<p><span style=\"font-size: inherit;\">The goal of the project was creating a design of kinetic fa\u00e7ades to include it into the company\u2019s product portfolio.<\/span><\/p>\n<p><span style=\"font-size: inherit;\">The European Union contributed: 388 400 PLN<\/span><\/p>\t\t\t\t\t\t\t\t<\/div>\n\t\t\t\t<\/div>\n\t\t\t\t\t<\/div>\n\t\t<\/div>\n\t\t\t\t<div class=\"elementor-column elementor-col-50 elementor-inner-column elementor-element elementor-element-75b851b\" data-id=\"75b851b\" data-element_type=\"column\">\n\t\t\t<div class=\"elementor-widget-wrap elementor-element-populated\">\n\t\t\t\t\t\t<div class=\"elementor-element elementor-element-a677235 elementor-widget elementor-widget-image\" data-id=\"a677235\" data-element_type=\"widget\" data-widget_type=\"image.default\">\n\t\t\t\t<div class=\"elementor-widget-container\">\n\t\t\t\t\t\t\t\t\t\t\t\t\t\t\t<img fetchpriority=\"high\" decoding=\"async\" width=\"750\" height=\"665\" src=\"https:\/\/ercedesign.pl\/wp-content\/uploads\/2020\/03\/ERCE_W3.png\" class=\"attachment-large size-large wp-image-4493\" alt=\"\" srcset=\"https:\/\/ercedesign.pl\/wp-content\/uploads\/2020\/03\/ERCE_W3.png 1000w, https:\/\/ercedesign.pl\/wp-content\/uploads\/2020\/03\/ERCE_W3-300x266.png 300w, https:\/\/ercedesign.pl\/wp-content\/uploads\/2020\/03\/ERCE_W3-768x680.png 768w\" sizes=\"(max-width: 750px) 100vw, 750px\" \/>\t\t\t\t\t\t\t\t\t\t\t\t\t\t\t<\/div>\n\t\t\t\t<\/div>\n\t\t\t\t\t<\/div>\n\t\t<\/div>\n\t\t\t\t\t<\/div>\n\t\t<\/section>\n\t\t\t\t\t<\/div>\n\t\t<\/div>\n\t\t\t\t\t<\/div>\n\t\t<\/section>\n\t\t\t\t<section class=\"elementor-section elementor-top-section elementor-element elementor-element-563fd52 elementor-section-boxed elementor-section-height-default elementor-section-height-default\" data-id=\"563fd52\" data-element_type=\"section\">\n\t\t\t\t\t\t<div class=\"elementor-container elementor-column-gap-default\">\n\t\t\t\t\t<div class=\"elementor-column elementor-col-100 elementor-top-column elementor-element elementor-element-c9dcea2\" data-id=\"c9dcea2\" data-element_type=\"column\">\n\t\t\t<div class=\"elementor-widget-wrap elementor-element-populated\">\n\t\t\t\t\t\t<div class=\"elementor-element elementor-element-d6a42a6 elementor-widget elementor-widget-heading\" data-id=\"d6a42a6\" data-element_type=\"widget\" data-widget_type=\"heading.default\">\n\t\t\t\t<div class=\"elementor-widget-container\">\n\t\t\t\t\t<h2 class=\"elementor-heading-title elementor-size-default\">PROJEKT DOM\u00d3W PREFABRYKOWANYCH<\/h2>\t\t\t\t<\/div>\n\t\t\t\t<\/div>\n\t\t\t\t\t<\/div>\n\t\t<\/div>\n\t\t\t\t\t<\/div>\n\t\t<\/section>\n\t\t\t\t<section class=\"elementor-section elementor-top-section elementor-element elementor-element-79bcaeb elementor-section-boxed elementor-section-height-default elementor-section-height-default\" data-id=\"79bcaeb\" data-element_type=\"section\">\n\t\t\t\t\t\t<div class=\"elementor-container elementor-column-gap-default\">\n\t\t\t\t\t<div class=\"elementor-column elementor-col-100 elementor-top-column elementor-element elementor-element-fe7bbe7\" data-id=\"fe7bbe7\" data-element_type=\"column\">\n\t\t\t<div class=\"elementor-widget-wrap elementor-element-populated\">\n\t\t\t\t\t\t<div class=\"elementor-element elementor-element-e991add elementor-widget elementor-widget-text-editor\" data-id=\"e991add\" data-element_type=\"widget\" data-widget_type=\"text-editor.default\">\n\t\t\t\t<div class=\"elementor-widget-container\">\n\t\t\t\t\t\t\t\t\t<p>Firma ERCE ROBERT \u0106WIEK otrzyma\u0142a dofinansowanie z Funduszy Europejskich w wysoko\u015bci 421 600,00 PLN na realizacj\u0119 projektu nr POIR.02.03.05-30-0018\/21, pn. \u201eWprowadzenie do oferty ERCE kompaktowych dom\u00f3w prefabrykowanych przystosowanych do transportu samochodowego typu MM i ML\u201d.<\/p><p>Celem projektu jest wdro\u017cenie do oferty Wnioskodawcy kompaktowych dom\u00f3w prefabrykowanych przystosowanych do transportu samochodowego.<\/p><p>Rezultatem projektu b\u0119dzie opracowanie projektu do formy rozwi\u0105zania prefabrykowanego oraz zdefiniowanie ca\u0142ego procesu produkcyjno-monta\u017cowego w zakresie umo\u017cliwiaj\u0105cym rozpocz\u0119cie produkcji we wsp\u00f3\u0142pracy z firmami wykonawczymi.<\/p><p>Ca\u0142kowita warto\u015b\u0107 projektu: 610\u00a0080,00 PLN.<\/p>\t\t\t\t\t\t\t\t<\/div>\n\t\t\t\t<\/div>\n\t\t\t\t\t<\/div>\n\t\t<\/div>\n\t\t\t\t\t<\/div>\n\t\t<\/section>\n\t\t\t\t<section class=\"elementor-section elementor-top-section elementor-element elementor-element-b16e2ea elementor-section-boxed elementor-section-height-default elementor-section-height-default\" data-id=\"b16e2ea\" data-element_type=\"section\">\n\t\t\t\t\t\t<div class=\"elementor-container elementor-column-gap-default\">\n\t\t\t\t\t<div class=\"elementor-column elementor-col-100 elementor-top-column elementor-element elementor-element-8026118\" data-id=\"8026118\" data-element_type=\"column\">\n\t\t\t<div class=\"elementor-widget-wrap elementor-element-populated\">\n\t\t\t\t\t\t<div class=\"elementor-element elementor-element-1cec6c7 elementor-widget elementor-widget-image\" data-id=\"1cec6c7\" data-element_type=\"widget\" data-widget_type=\"image.default\">\n\t\t\t\t<div class=\"elementor-widget-container\">\n\t\t\t\t\t\t\t\t\t\t\t\t\t\t\t<img decoding=\"async\" width=\"750\" height=\"103\" src=\"https:\/\/ercedesign.pl\/wp-content\/uploads\/2022\/01\/FE_POIR_poziom_pl-1_rgb-1024x141.png\" class=\"attachment-large size-large wp-image-4609\" alt=\"Logo UE\" srcset=\"https:\/\/ercedesign.pl\/wp-content\/uploads\/2022\/01\/FE_POIR_poziom_pl-1_rgb-1024x141.png 1024w, https:\/\/ercedesign.pl\/wp-content\/uploads\/2022\/01\/FE_POIR_poziom_pl-1_rgb-300x41.png 300w, https:\/\/ercedesign.pl\/wp-content\/uploads\/2022\/01\/FE_POIR_poziom_pl-1_rgb-768x106.png 768w, https:\/\/ercedesign.pl\/wp-content\/uploads\/2022\/01\/FE_POIR_poziom_pl-1_rgb-1536x211.png 1536w, https:\/\/ercedesign.pl\/wp-content\/uploads\/2022\/01\/FE_POIR_poziom_pl-1_rgb-2048x282.png 2048w\" sizes=\"(max-width: 750px) 100vw, 750px\" \/>\t\t\t\t\t\t\t\t\t\t\t\t\t\t\t<\/div>\n\t\t\t\t<\/div>\n\t\t\t\t\t<\/div>\n\t\t<\/div>\n\t\t\t\t\t<\/div>\n\t\t<\/section>\n\t\t\t\t<\/div>","protected":false},"excerpt":{"rendered":"<p>Projekt UE Wsp\u00f3\u0142praca z Uni\u0105 Europejsk\u0105 Projekt wsp\u00f3\u0142finansowany z \u015brodk\u00f3w Unii Europejskiej Projekt wsp\u00f3\u0142finansowany z \u015brodk\u00f3w Unii Europejskiej ERCE + UE Projekt ELEWACJI KINETYCZNYCH ERCE Robert \u0106wiek zrealizowa\u0142o projekt dofinansowany w&nbsp;ramach Programu Operacyjnego Inteligentny Rozw\u00f3j o&nbsp;nazwie \u201ePodj\u0119cie wsp\u00f3\u0142pracy z&nbsp;projektantami celem wdro\u017cenia do oferty ERCE Robert \u0106wiek nowego projektu wzorniczego w&nbsp;postaci [&hellip;]<\/p>","protected":false},"author":1,"featured_media":0,"parent":0,"menu_order":0,"comment_status":"closed","ping_status":"closed","template":"page-templates\/template-pagebuilder-full-width.php","meta":{"footnotes":""},"class_list":["post-4444","page","type-page","status-publish","hentry"],"_links":{"self":[{"href":"https:\/\/ercedesign.pl\/en\/wp-json\/wp\/v2\/pages\/4444","targetHints":{"allow":["GET"]}}],"collection":[{"href":"https:\/\/ercedesign.pl\/en\/wp-json\/wp\/v2\/pages"}],"about":[{"href":"https:\/\/ercedesign.pl\/en\/wp-json\/wp\/v2\/types\/page"}],"author":[{"embeddable":true,"href":"https:\/\/ercedesign.pl\/en\/wp-json\/wp\/v2\/users\/1"}],"replies":[{"embeddable":true,"href":"https:\/\/ercedesign.pl\/en\/wp-json\/wp\/v2\/comments?post=4444"}],"version-history":[{"count":26,"href":"https:\/\/ercedesign.pl\/en\/wp-json\/wp\/v2\/pages\/4444\/revisions"}],"predecessor-version":[{"id":4610,"href":"https:\/\/ercedesign.pl\/en\/wp-json\/wp\/v2\/pages\/4444\/revisions\/4610"}],"wp:attachment":[{"href":"https:\/\/ercedesign.pl\/en\/wp-json\/wp\/v2\/media?parent=4444"}],"curies":[{"name":"wp","href":"https:\/\/api.w.org\/{rel}","templated":true}]}}